{"id":117,"date":"2023-06-07T11:39:17","date_gmt":"2023-06-07T11:39:17","guid":{"rendered":"https:\/\/www.vestaconsulting.ee\/?page_id=117"},"modified":"2023-07-03T15:59:31","modified_gmt":"2023-07-03T15:59:31","slug":"slapuku-politika","status":"publish","type":"page","link":"https:\/\/www.vestaconsulting.ee\/lt\/slapuku-politika\/","title":{"rendered":"Slapuk\u0173 politika"},"content":{"rendered":"\t\t<div data-elementor-type=\"wp-page\" data-elementor-id=\"117\" class=\"elementor elementor-117\" data-elementor-post-type=\"page\">\n\t\t\t\t<div class=\"elementor-element elementor-element-2b1f3999 e-con-full vesta-top-banner vesta-top-banner-2 e-flex e-con e-parent\" data-id=\"2b1f3999\" data-element_type=\"container\" data-settings=\"{&quot;background_background&quot;:&quot;classic&quot;}\">\n\t\t<div class=\"elementor-element elementor-element-7573707f e-con-full e-flex e-con e-parent\" data-id=\"7573707f\" data-element_type=\"container\">\n\t\t<div class=\"elementor-element elementor-element-4c8510aa vesta-banner e-flex e-con-boxed e-con e-parent\" data-id=\"4c8510aa\" data-element_type=\"container\" data-settings=\"{&quot;background_background&quot;:&quot;classic&quot;,&quot;background_motion_fx_motion_fx_mouse&quot;:&quot;yes&quot;,&quot;background_motion_fx_mouseTrack_effect&quot;:&quot;yes&quot;,&quot;background_motion_fx_mouseTrack_speed&quot;:{&quot;unit&quot;:&quot;px&quot;,&quot;size&quot;:1,&quot;sizes&quot;:[]}}\">\n\t\t\t\t\t<div class=\"e-con-inner\">\n\t\t\t\t<div class=\"elementor-element elementor-element-56030dfe vesta-breadcrumb elementor-widget elementor-widget-shortcode\" data-id=\"56030dfe\" data-element_type=\"widget\" data-widget_type=\"shortcode.default\">\n\t\t\t\t<div class=\"elementor-widget-container\">\n\t\t\t\t\t\t\t<div class=\"elementor-shortcode\"><div class=\"site-breadcrumb\"><ul><li class=\"breadcrumb-item\"><a href=\"https:\/\/www.vestaconsulting.ee\/lt\/\"><i class=\"icon-house\"><\/i><\/a><\/li><\/ul><\/div><\/div>\n\t\t\t\t\t\t<\/div>\n\t\t\t\t<\/div>\n\t\t<div class=\"elementor-element elementor-element-b9ce6d8 e-con-full e-flex e-con e-parent\" data-id=\"b9ce6d8\" data-element_type=\"container\">\n\t\t\t\t<div class=\"elementor-element elementor-element-157dd019 elementor-widget elementor-widget-heading\" data-id=\"157dd019\" data-element_type=\"widget\" data-widget_type=\"heading.default\">\n\t\t\t\t<div class=\"elementor-widget-container\">\n\t\t\t\t\t<p class=\"elementor-heading-title elementor-size-default\">ATNAUJINTA: 2020 M. BIR\u017dELIO 08 D.<\/p>\t\t\t\t<\/div>\n\t\t\t\t<\/div>\n\t\t\t\t<\/div>\n\t\t\t\t\t<\/div>\n\t\t\t\t<\/div>\n\t\t\t\t<\/div>\n\t\t\t\t<\/div>\n\t\t<div class=\"elementor-element elementor-element-7dd6c317 e-con-full vesta-text-page e-flex e-con e-parent\" data-id=\"7dd6c317\" data-element_type=\"container\">\n\t\t<div class=\"elementor-element elementor-element-77c83010 e-flex e-con-boxed e-con e-parent\" data-id=\"77c83010\" data-element_type=\"container\">\n\t\t\t\t\t<div class=\"e-con-inner\">\n\t\t\t\t<div class=\"elementor-element elementor-element-369cc1b5 elementor-widget elementor-widget-text-editor\" data-id=\"369cc1b5\" data-element_type=\"widget\" data-widget_type=\"text-editor.default\">\n\t\t\t\t<div class=\"elementor-widget-container\">\n\t\t\t\t\t\t\t\t\t<p>UAB \u201eVesta Consulting\u201d naudoja slapukus internetin\u0117je svetain\u0117je\u00a0<a role=\"link\" href=\"http:\/\/localhost\/vesta-online\/\">http:\/\/localhost\/vesta-online\/<\/a>\u00a0(toliau \u2013\u00a0<b>Svetain\u0117<\/b>).<\/p><p>Pra\u0161ome perskaityti \u017eemiau pateikiam\u0105 informacij\u0105 apie tai, kas yra slapukai ir kaip juos naudojame. Kartas nuo karto mes galime atnaujinti \u0161i\u0105 Slapuk\u0173 politik\u0105, tod\u0117l pra\u0161ome per\u017ei\u016br\u0117ti \u0161i\u0105 informacij\u0105.<\/p><h3>Kas yra slapukai?<\/h3><p>Kad \u0161i svetain\u0117 tinkamai veikt\u0173, kartais \u012f J\u016bs\u0173 \u012frengin\u012f \u012fra\u0161omos ma\u017eos duomen\u0173 rinkmenos, vadinamos slapukais. Slapukas \u2013 tai nedidelis failas, atsi\u0173stas \u012f \u012frengin\u012f, naudotojui besilankant atitinkamoje interneto svetain\u0117je. Slapuk\u0173 pagalba interneto svetain\u0117 atpa\u017e\u012fsta naudotojo \u012frengin\u012f (pvz., naudotojui kit\u0105 kart\u0105 apsilankius \u0161ioje interneto svetain\u0117je).<\/p><p>Slapuk\u0173 informacija n\u0117ra naudojama asmeninei informacijai apie naudotoj\u0105 rinkti.<\/p><h3>Kokius slapukus naudojame?<\/h3><table><tbody><tr><td><b>Domenas<\/b><\/td><td><b>Slapuko pavadinimas<\/b><\/td><td><b>Paskirtis<\/b><\/td><td><b>Trukm\u0117<\/b><\/td><\/tr><tr><td>.vestaconsulting.lt<\/td><td>_gat_gtag_UA_<\/td><td><p>Svetain\u0117s u\u017eklaus\u0173 vykdymo reguliavimas\u00a0(\u201eGoogle Analytics\u201c)<\/p><\/td><td>1 min.<\/td><\/tr><tr><td>.vestaconsulting.lt<\/td><td>_ga<\/td><td><p>Atskirti naudotojus suteikiant unikal\u0173 kod\u0105\u00a0(\u201eGoogle Analytics\u201c)<\/p><\/td><td>2 m.<\/td><\/tr><tr><td>.vestaconsulting.lt<\/td><td>_gid<\/td><td><p>Atskirti naudotojus suteikiant unikal\u0173 kod\u0105\u00a0(\u201eGoogle Analytics\u201c)<\/p><\/td><td>24 val.<\/td><\/tr><tr><td>.vestaconsulting.lt<\/td><td>cookie_notice_accepted<\/td><td>\u012esiminti slapuk\u0173 nustatymus<\/td><td>1 sav.<\/td><\/tr><tr><td>.vestaconsulting.lt<\/td><td>PHPSESSID<\/td><td>Vartotojo sesijai palaikyti ir svetain\u0117s funkcionalumui<\/td><td>Sesija<\/td><\/tr><\/tbody><\/table><h3>Informavimas apie slapuk\u0173 naudojim\u0105<\/h3><p>Apsilankant internetin\u0117je svetain\u0117je pirm\u0105 kart\u0105 J\u016bs esate informuojami, jog svetain\u0117je naudojami slapukai. I\u0161kylan\u010diame lange J\u016bs turite galimyb\u0119 i\u0161 karto susipa\u017einti su slapuk\u0173 politika paspaud\u0119 atitinkam\u0105 nuorod\u0105.<\/p><h3>Slapuk\u0173 kontroliavimas<\/h3><p>Slapukus galite valdyti ir (arba) i\u0161trinti pagal savo pageidavimus. Galite i\u0161trinti visus j\u016bs\u0173 kompiuteryje jau esan\u010dius slapukus, o daugumoje nar\u0161ykli\u0173 galite nustatyti, kad slapukai neb\u016bt\u0173 \u012fra\u0161omi. Ta\u010diau tokiu atveju kaskart, kai lankysit\u0117s svetain\u0117je, Jums gali reik\u0117ti i\u0161 naujo nustatyti kai kurias parinktis, o kai kurios funkcijos gali neveikti.<\/p><p>Galite atsisakyti tik t\u0173 slapuk\u0173, kurie n\u0117ra b\u016btini. Kai kurie slapukai b\u016btini tam, kad gal\u0117tum\u0117te naudotis \u0161ia svetaine. Be \u0161i\u0173 slapuk\u0173 neveiks tam tikros funkcijos.<\/p><p>Atsisakyti \u201eGoogle Analytics\u201c slapuk\u0173 galite vadovaujantis nuorodomis \u0161ioje interneto svetain\u0117je:\u00a0\u00a0<a role=\"link\" href=\"https:\/\/tools.google.com\/dlpage\/gaoptout\">https:\/\/tools.google.com\/dlpage\/gaoptout<\/a>.<\/p><h3>Slapuk\u0173 naudojimo nustatymai interneto nar\u0161ykl\u0117se:<\/h3><ul><li>Firefox:<a role=\"link\" href=\"https:\/\/support.mozilla.org\/lt\/kb\/Slapuk%C5%B3%20valdymas?redirectlocale=en-US&amp;redirectslug=Cookies\">https:\/\/support.mozilla.org\/lt\/kb\/Slapuk%C5%B3%20valdymas?redirectlocale=en-US&amp;redirectslug=Cookies<\/a>.<\/li><li>Chrome:\u00a0<a role=\"link\" href=\"https:\/\/support.google.com\/chrome\/answer\/95647?hl=lt\">https:\/\/support.google.com\/chrome\/answer\/95647?hl=lt<\/a>.<\/li><li>Internet Explorer:\u00a0<a role=\"link\" href=\"https:\/\/support.microsoft.com\/lt-lt\/help\/17442\/windows-internet-explorer-delete-manage-cookies\">https:\/\/support.microsoft.com\/lt-lt\/help\/17442\/windows-internet-explorer-delete-manage-cookies<\/a>.<\/li><\/ul>\t\t\t\t\t\t\t\t<\/div>\n\t\t\t\t<\/div>\n\t\t\t\t\t<\/div>\n\t\t\t\t<\/div>\n\t\t\t\t<\/div>\n\t\t\t\t<\/div>\n\t\t","protected":false},"excerpt":{"rendered":"<p>ATNAUJINTA: 2020 M. BIR\u017dELIO 08 D. UAB \u201eVesta Consulting\u201d naudoja slapukus internetin\u0117je svetain\u0117je\u00a0http:\/\/localhost\/vesta-online\/\u00a0(toliau \u2013\u00a0Svetain\u0117). Pra\u0161ome perskaityti \u017eemiau pateikiam\u0105 informacij\u0105 apie tai, kas yra slapukai ir kaip juos naudojame. Kartas nuo karto mes galime atnaujinti \u0161i\u0105 Slapuk\u0173 politik\u0105, tod\u0117l pra\u0161ome per\u017ei\u016br\u0117ti \u0161i\u0105 informacij\u0105. Kas yra slapukai? Kad \u0161i svetain\u0117 tinkamai veikt\u0173, kartais \u012f J\u016bs\u0173 \u012frengin\u012f \u012fra\u0161omos [&hellip;]<\/p>\n","protected":false},"author":1,"featured_media":0,"parent":0,"menu_order":0,"comment_status":"closed","ping_status":"closed","template":"elementor_header_footer","meta":{"_acf_changed":false,"footnotes":""},"class_list":["post-117","page","type-page","status-publish","hentry"],"acf":[],"yoast_head":"<!-- This site is optimized with the Yoast SEO plugin v27.2 - https:\/\/yoast.com\/product\/yoast-seo-wordpress\/ -->\n<title>Slapuk\u0173 politika - vestaconsulting.ee<\/title>\n<meta name=\"robots\" content=\"index, follow, max-snippet:-1, max-image-preview:large, max-video-preview:-1\" \/>\n<link rel=\"canonical\" href=\"https:\/\/www.vestaconsulting.ee\/slapuku-politika\/\" \/>\n<meta property=\"og:locale\" content=\"lt_LT\" \/>\n<meta property=\"og:type\" content=\"article\" \/>\n<meta property=\"og:title\" content=\"Slapuk\u0173 politika - vestaconsulting.ee\" \/>\n<meta property=\"og:description\" content=\"ATNAUJINTA: 2020 M. BIR\u017dELIO 08 D. UAB \u201eVesta Consulting\u201d naudoja slapukus internetin\u0117je svetain\u0117je\u00a0http:\/\/localhost\/vesta-online\/\u00a0(toliau \u2013\u00a0Svetain\u0117). Pra\u0161ome perskaityti \u017eemiau pateikiam\u0105 informacij\u0105 apie tai, kas yra slapukai ir kaip juos naudojame. Kartas nuo karto mes galime atnaujinti \u0161i\u0105 Slapuk\u0173 politik\u0105, tod\u0117l pra\u0161ome per\u017ei\u016br\u0117ti \u0161i\u0105 informacij\u0105. Kas yra slapukai? Kad \u0161i svetain\u0117 tinkamai veikt\u0173, kartais \u012f J\u016bs\u0173 \u012frengin\u012f \u012fra\u0161omos [&hellip;]\" \/>\n<meta property=\"og:url\" content=\"https:\/\/www.vestaconsulting.ee\/slapuku-politika\/\" \/>\n<meta property=\"og:site_name\" content=\"vestaconsulting.ee\" \/>\n<meta property=\"article:publisher\" content=\"https:\/\/www.facebook.com\/vestaconsulting\" \/>\n<meta property=\"article:modified_time\" content=\"2023-07-03T15:59:31+00:00\" \/>\n<meta name=\"twitter:card\" content=\"summary_large_image\" \/>\n<meta name=\"twitter:label1\" content=\"Est. reading time\" \/>\n\t<meta name=\"twitter:data1\" content=\"2 minut\u0117s\" \/>\n<script type=\"application\/ld+json\" class=\"yoast-schema-graph\">{\"@context\":\"https:\/\/schema.org\",\"@graph\":[{\"@type\":\"WebPage\",\"@id\":\"https:\/\/www.vestaconsulting.ee\/slapuku-politika\/\",\"url\":\"https:\/\/www.vestaconsulting.ee\/slapuku-politika\/\",\"name\":\"Slapuk\u0173 politika - vestaconsulting.ee\",\"isPartOf\":{\"@id\":\"https:\/\/www.vestaconsulting.ee\/#website\"},\"datePublished\":\"2023-06-07T11:39:17+00:00\",\"dateModified\":\"2023-07-03T15:59:31+00:00\",\"breadcrumb\":{\"@id\":\"https:\/\/www.vestaconsulting.ee\/slapuku-politika\/#breadcrumb\"},\"inLanguage\":\"lt-LT\",\"potentialAction\":[{\"@type\":\"ReadAction\",\"target\":[\"https:\/\/www.vestaconsulting.ee\/slapuku-politika\/\"]}]},{\"@type\":\"BreadcrumbList\",\"@id\":\"https:\/\/www.vestaconsulting.ee\/slapuku-politika\/#breadcrumb\",\"itemListElement\":[{\"@type\":\"ListItem\",\"position\":1,\"name\":\"Home\",\"item\":\"https:\/\/www.vestaconsulting.ee\/\"},{\"@type\":\"ListItem\",\"position\":2,\"name\":\"Slapuk\u0173 politika\"}]},{\"@type\":\"WebSite\",\"@id\":\"https:\/\/www.vestaconsulting.ee\/#website\",\"url\":\"https:\/\/www.vestaconsulting.ee\/\",\"name\":\"vestaconsulting.ee\",\"description\":\"Mes atkreipiame j\u016bs\u0173 d\u0117mes\u012f \u012f ateit\u012f\",\"publisher\":{\"@id\":\"https:\/\/www.vestaconsulting.ee\/#organization\"},\"potentialAction\":[{\"@type\":\"SearchAction\",\"target\":{\"@type\":\"EntryPoint\",\"urlTemplate\":\"https:\/\/www.vestaconsulting.ee\/?s={search_term_string}\"},\"query-input\":{\"@type\":\"PropertyValueSpecification\",\"valueRequired\":true,\"valueName\":\"search_term_string\"}}],\"inLanguage\":\"lt-LT\"},{\"@type\":\"Organization\",\"@id\":\"https:\/\/www.vestaconsulting.ee\/#organization\",\"name\":\"UAB Vesta Consulting\",\"url\":\"https:\/\/www.vestaconsulting.ee\/\",\"logo\":{\"@type\":\"ImageObject\",\"inLanguage\":\"lt-LT\",\"@id\":\"https:\/\/www.vestaconsulting.ee\/#\/schema\/logo\/image\/\",\"url\":\"https:\/\/www.vestaconsulting.ee\/wp-content\/uploads\/2023\/06\/VESTA_logo_main-1.png\",\"contentUrl\":\"https:\/\/www.vestaconsulting.ee\/wp-content\/uploads\/2023\/06\/VESTA_logo_main-1.png\",\"width\":1353,\"height\":360,\"caption\":\"UAB Vesta Consulting\"},\"image\":{\"@id\":\"https:\/\/www.vestaconsulting.ee\/#\/schema\/logo\/image\/\"},\"sameAs\":[\"https:\/\/www.facebook.com\/vestaconsulting\"]}]}<\/script>\n<!-- \/ Yoast SEO plugin. -->","yoast_head_json":{"title":"Slapuk\u0173 politika - vestaconsulting.ee","robots":{"index":"index","follow":"follow","max-snippet":"max-snippet:-1","max-image-preview":"max-image-preview:large","max-video-preview":"max-video-preview:-1"},"canonical":"https:\/\/www.vestaconsulting.ee\/slapuku-politika\/","og_locale":"lt_LT","og_type":"article","og_title":"Slapuk\u0173 politika - vestaconsulting.ee","og_description":"ATNAUJINTA: 2020 M. BIR\u017dELIO 08 D. UAB \u201eVesta Consulting\u201d naudoja slapukus internetin\u0117je svetain\u0117je\u00a0http:\/\/localhost\/vesta-online\/\u00a0(toliau \u2013\u00a0Svetain\u0117). Pra\u0161ome perskaityti \u017eemiau pateikiam\u0105 informacij\u0105 apie tai, kas yra slapukai ir kaip juos naudojame. Kartas nuo karto mes galime atnaujinti \u0161i\u0105 Slapuk\u0173 politik\u0105, tod\u0117l pra\u0161ome per\u017ei\u016br\u0117ti \u0161i\u0105 informacij\u0105. Kas yra slapukai? Kad \u0161i svetain\u0117 tinkamai veikt\u0173, kartais \u012f J\u016bs\u0173 \u012frengin\u012f \u012fra\u0161omos [&hellip;]","og_url":"https:\/\/www.vestaconsulting.ee\/slapuku-politika\/","og_site_name":"vestaconsulting.ee","article_publisher":"https:\/\/www.facebook.com\/vestaconsulting","article_modified_time":"2023-07-03T15:59:31+00:00","twitter_card":"summary_large_image","twitter_misc":{"Est. reading time":"2 minut\u0117s"},"schema":{"@context":"https:\/\/schema.org","@graph":[{"@type":"WebPage","@id":"https:\/\/www.vestaconsulting.ee\/slapuku-politika\/","url":"https:\/\/www.vestaconsulting.ee\/slapuku-politika\/","name":"Slapuk\u0173 politika - vestaconsulting.ee","isPartOf":{"@id":"https:\/\/www.vestaconsulting.ee\/#website"},"datePublished":"2023-06-07T11:39:17+00:00","dateModified":"2023-07-03T15:59:31+00:00","breadcrumb":{"@id":"https:\/\/www.vestaconsulting.ee\/slapuku-politika\/#breadcrumb"},"inLanguage":"lt-LT","potentialAction":[{"@type":"ReadAction","target":["https:\/\/www.vestaconsulting.ee\/slapuku-politika\/"]}]},{"@type":"BreadcrumbList","@id":"https:\/\/www.vestaconsulting.ee\/slapuku-politika\/#breadcrumb","itemListElement":[{"@type":"ListItem","position":1,"name":"Home","item":"https:\/\/www.vestaconsulting.ee\/"},{"@type":"ListItem","position":2,"name":"Slapuk\u0173 politika"}]},{"@type":"WebSite","@id":"https:\/\/www.vestaconsulting.ee\/#website","url":"https:\/\/www.vestaconsulting.ee\/","name":"vestaconsulting.ee","description":"Mes atkreipiame j\u016bs\u0173 d\u0117mes\u012f \u012f ateit\u012f","publisher":{"@id":"https:\/\/www.vestaconsulting.ee\/#organization"},"potentialAction":[{"@type":"SearchAction","target":{"@type":"EntryPoint","urlTemplate":"https:\/\/www.vestaconsulting.ee\/?s={search_term_string}"},"query-input":{"@type":"PropertyValueSpecification","valueRequired":true,"valueName":"search_term_string"}}],"inLanguage":"lt-LT"},{"@type":"Organization","@id":"https:\/\/www.vestaconsulting.ee\/#organization","name":"UAB Vesta Consulting","url":"https:\/\/www.vestaconsulting.ee\/","logo":{"@type":"ImageObject","inLanguage":"lt-LT","@id":"https:\/\/www.vestaconsulting.ee\/#\/schema\/logo\/image\/","url":"https:\/\/www.vestaconsulting.ee\/wp-content\/uploads\/2023\/06\/VESTA_logo_main-1.png","contentUrl":"https:\/\/www.vestaconsulting.ee\/wp-content\/uploads\/2023\/06\/VESTA_logo_main-1.png","width":1353,"height":360,"caption":"UAB Vesta Consulting"},"image":{"@id":"https:\/\/www.vestaconsulting.ee\/#\/schema\/logo\/image\/"},"sameAs":["https:\/\/www.facebook.com\/vestaconsulting"]}]}},"_links":{"self":[{"href":"https:\/\/www.vestaconsulting.ee\/lt\/wp-json\/wp\/v2\/pages\/117","targetHints":{"allow":["GET"]}}],"collection":[{"href":"https:\/\/www.vestaconsulting.ee\/lt\/wp-json\/wp\/v2\/pages"}],"about":[{"href":"https:\/\/www.vestaconsulting.ee\/lt\/wp-json\/wp\/v2\/types\/page"}],"author":[{"embeddable":true,"href":"https:\/\/www.vestaconsulting.ee\/lt\/wp-json\/wp\/v2\/users\/1"}],"replies":[{"embeddable":true,"href":"https:\/\/www.vestaconsulting.ee\/lt\/wp-json\/wp\/v2\/comments?post=117"}],"version-history":[{"count":7,"href":"https:\/\/www.vestaconsulting.ee\/lt\/wp-json\/wp\/v2\/pages\/117\/revisions"}],"predecessor-version":[{"id":2531,"href":"https:\/\/www.vestaconsulting.ee\/lt\/wp-json\/wp\/v2\/pages\/117\/revisions\/2531"}],"wp:attachment":[{"href":"https:\/\/www.vestaconsulting.ee\/lt\/wp-json\/wp\/v2\/media?parent=117"}],"curies":[{"name":"wp","href":"https:\/\/api.w.org\/{rel}","templated":true}]}}