{"id":8677,"date":"2023-11-28T11:15:46","date_gmt":"2023-11-28T11:15:46","guid":{"rendered":"https:\/\/www.vestaconsulting.ee\/tvarumas\/"},"modified":"2024-09-13T06:50:19","modified_gmt":"2024-09-13T06:50:19","slug":"jatkusuutlikkus","status":"publish","type":"page","link":"https:\/\/www.vestaconsulting.ee\/lv\/jatkusuutlikkus\/","title":{"rendered":"J\u00e4tkusuutlikkus"},"content":{"rendered":"\t\t<div data-elementor-type=\"wp-page\" data-elementor-id=\"8677\" class=\"elementor elementor-8677 elementor-8671\" data-elementor-post-type=\"page\">\n\t\t\t\t<div class=\"elementor-element elementor-element-5f501fda e-con-full vesta-top-banner vesta-top-banner-2 e-flex e-con e-parent\" data-id=\"5f501fda\" data-element_type=\"container\" data-settings=\"{&quot;background_background&quot;:&quot;classic&quot;}\">\n\t\t<div class=\"elementor-element elementor-element-42a6120a e-con-full e-flex e-con e-child\" data-id=\"42a6120a\" data-element_type=\"container\">\n\t\t<div class=\"elementor-element elementor-element-3324221c vesta-banner e-flex e-con-boxed e-con e-child\" data-id=\"3324221c\" data-element_type=\"container\" data-settings=\"{&quot;background_background&quot;:&quot;classic&quot;,&quot;background_motion_fx_motion_fx_mouse&quot;:&quot;yes&quot;,&quot;background_motion_fx_mouseTrack_effect&quot;:&quot;yes&quot;,&quot;background_motion_fx_mouseTrack_speed&quot;:{&quot;unit&quot;:&quot;px&quot;,&quot;size&quot;:1,&quot;sizes&quot;:[]}}\">\n\t\t\t\t\t<div class=\"e-con-inner\">\n\t\t\t\t<div class=\"elementor-element elementor-element-44609c2c vesta-breadcrumb elementor-widget elementor-widget-shortcode\" data-id=\"44609c2c\" data-element_type=\"widget\" data-widget_type=\"shortcode.default\">\n\t\t\t\t<div class=\"elementor-widget-container\">\n\t\t\t\t\t\t\t<div class=\"elementor-shortcode\">\n          <div class=\"site-breadcrumb\"><ul><li class=\"breadcrumb-item\"><a href=\"https:\/\/www.vestaconsulting.ee\/lv\/\"><i class=\"icon-house\"><\/i><\/a><\/li><\/ul><\/div>\n        <\/div>\n\t\t\t\t\t\t<\/div>\n\t\t\t\t<\/div>\n\t\t<div class=\"elementor-element elementor-element-589a8f43 e-con-full e-flex e-con e-child\" data-id=\"589a8f43\" data-element_type=\"container\">\n\t\t\t\t<div class=\"elementor-element elementor-element-e40dcb6 header-text-after-offer elementor-widget elementor-widget-text-editor\" data-id=\"e40dcb6\" data-element_type=\"widget\" data-widget_type=\"text-editor.default\">\n\t\t\t\t<div class=\"elementor-widget-container\">\n\t\t\t\t\t\t\t\t\t<p>Keskkonna-, sotsiaalsete ja juhtimisp\u00f5him\u00f5tete ning j\u00e4tkusuutlikkuse p\u00f5him\u00f5tete integreerimine on olulisem kui kunagi varem \u2013 alates v\u00e4\u00e4rtuse loomisest k\u00f5ikidele sidusr\u00fchmadele, t\u00f5husast riski- ja m\u00f5jujuhtimisest kuni vastutustundliku ja l\u00e4bipaistva \u00e4ritegevuseni.<\/p>\n\t\t\t\t\t\t\t\t<\/div>\n\t\t\t\t<\/div>\n\t\t\t\t<div class=\"elementor-element elementor-element-8ce6d65 elementor-hidden-desktop elementor-hidden-tablet elementor-hidden-mobile elementor-widget elementor-widget-heading\" data-id=\"8ce6d65\" data-element_type=\"widget\" data-widget_type=\"heading.default\">\n\t\t\t\t<div class=\"elementor-widget-container\">\n\t\t\t\t\t<p class=\"elementor-heading-title elementor-size-default\">Keskkonna-, sotsiaalsete ja juhtimisp\u00f5him\u00f5tete ning j\u00e4tkusuutlikkuse p\u00f5him\u00f5tete integreerimine on olulisem kui kunagi varem \u2013 alates v\u00e4\u00e4rtuse loomisest k\u00f5ikidele sidusr\u00fchmadele, t\u00f5husast riski- ja m\u00f5jujuhtimisest kuni vastutustundliku ja l\u00e4bipaistva \u00e4ritegevuseni.<\/p>\t\t\t\t<\/div>\n\t\t\t\t<\/div>\n\t\t\t\t<\/div>\n\t\t\t\t\t<\/div>\n\t\t\t\t<\/div>\n\t\t\t\t<\/div>\n\t\t\t\t<\/div>\n\t\t<div class=\"elementor-element elementor-element-3507357 e-con-full sustainability e-flex e-con e-parent\" data-id=\"3507357\" data-element_type=\"container\">\n\t\t<div class=\"elementor-element elementor-element-c997ea0 e-flex e-con-boxed e-con e-child\" data-id=\"c997ea0\" data-element_type=\"container\">\n\t\t\t\t\t<div class=\"e-con-inner\">\n\t\t<div class=\"elementor-element elementor-element-8a2ccc8 e-con-full team-member-row e-flex e-con e-child\" data-id=\"8a2ccc8\" data-element_type=\"container\">\n\t\t\t\t<div class=\"elementor-element elementor-element-8c503f7 elementor-widget elementor-widget-team-widget\" data-id=\"8c503f7\" data-element_type=\"widget\" data-widget_type=\"team-widget.default\">\n\t\t\t\t<div class=\"elementor-widget-container\">\n\t\t\t\t\t                        <div class=\"team-member\">\r\n                            <div class=\"img-wrapper\">\r\n                                <img decoding=\"async\" src=\"https:\/\/www.vestaconsulting.ee\/wp-content\/uploads\/2023\/06\/Vesta-komanda-final-05-26_7.png\" alt=\"Evaldas Savickis\">\r\n                            <\/div>\r\n                            <h3>Evaldas Savickis<\/h3>\r\n                            <p>Direktor, tegevjuht<\/p>\r\n                                                    <\/div>\r\n                        \t\t\t\t<\/div>\n\t\t\t\t<\/div>\n\t\t\t\t<\/div>\n\t\t<div class=\"elementor-element elementor-element-dde949b e-con-full e-flex e-con e-child\" data-id=\"dde949b\" data-element_type=\"container\">\n\t\t\t\t<div class=\"elementor-element elementor-element-977d90e elementor-widget elementor-widget-text-editor\" data-id=\"977d90e\" data-element_type=\"widget\" data-widget_type=\"text-editor.default\">\n\t\t\t\t<div class=\"elementor-widget-container\">\n\t\t\t\t\t\t\t\t\t<p>2020. aastal t\u00f6\u00f6tasime v\u00e4lja VESTA strateegia aastateks 2021\u20132023, mille \u00fcheks peamiseks strateegiliseks eesm\u00e4rgiks on j\u00e4tkusuutlikkuse standarditele tugineva VESTA organisatsiooni arendamine. Oleme konsultatsioonifirma, mist\u00f5ttu teeme oma igap\u00e4evases tegevuses koost\u00f6\u00f6d paljude erinevate sidusr\u00fchmadega, kes m\u00f5jutavad VESTA tegevust ja loomulikult ka tulemusi. Tunnistan, et \u00fcks suurimaid v\u00e4ljakutseid on leida sobivaim viis ja piisavad vahendid, et tagada k\u00f5igi sidusr\u00fchmade suurem kaasatus meie organisatsiooni.<\/p>\n<p>Kuid \u00fcks suurimaid m\u00f5jusid meie organisatsiooni arengule ja tulemuslikkusele avaldub minu meelest meie t\u00f6\u00f6tajate l\u00e4bi, kes on p\u00fchendunud klientide abistamisele nende j\u00e4tkusuutlikkusega seotud eesm\u00e4rkide saavutamisel. Viimastel aastatel oleme s\u00fcstemaatiliselt t\u00f6\u00f6tanud selle nimel, et tagada head t\u00f6\u00f6tingimused, hoida t\u00f6\u00f6tajaid olulisel m\u00e4\u00e4ral protsessidesse kaasatuna, pakkuda professionaalset arengukeskkonda ning tagada mitmekesisus ja heaolu. See on meie organisatsiooni prioriteet. Seet\u00f5ttu on mul suur r\u00f5\u00f5m tagasiside \u00fcle, milles VESTA-t n\u00e4hakse ihaldusv\u00e4\u00e4rse ja vastutustundliku t\u00f6\u00f6andjana, kes pakub arenguv\u00f5imalusi ja kaasavat t\u00f6\u00f6keskkonda.<\/p>\n<p>Samuti on mul hea meel positiivse tagasiside \u00fcle meie klientidelt, kes hindavad koost\u00f6\u00f6d VESTA-ga k\u00f5rgelt. Seet\u00f5ttu j\u00e4tkame pakutavate teenuste kvaliteedi t\u00f5stmist ja p\u00e4devuste laiendamist, tagades laia valiku j\u00e4tkusuutlikkusega seotud teenuseid, mis arvestavad meie klientide vajadustega.<\/p>\n<p>Jagades oma j\u00e4tkusuutlikkuse saavutamise lugu selgelt, t\u00f5ep\u00e4raselt ja l\u00e4bipaistvalt, ehitame \u00fcles usaldust, mis on p\u00fcsiva v\u00e4\u00e4rtusloome jaoks v\u00e4ga oluline. Tunnen heameelt selle teekonna \u00fcle, mille VESTA on l\u00e4binud, ning kogemuste \u00fcle, mis on omandatud, panustades klientide j\u00e4tkusuutlikkusstrateegiate v\u00e4ljat\u00f6\u00f6tamisse ja elluviimisse. See on ka see, mis innustab meid kasvama ja looma veelgi j\u00e4tkusuutlikumat organisatsiooni.<\/p>\n\t\t\t\t\t\t\t\t<\/div>\n\t\t\t\t<\/div>\n\t\t\t\t<div class=\"elementor-element elementor-element-54d54a4 elementor-widget elementor-widget-image\" data-id=\"54d54a4\" data-element_type=\"widget\" data-widget_type=\"image.default\">\n\t\t\t\t<div class=\"elementor-widget-container\">\n\t\t\t\t\t\t\t\t\t\t\t\t\t\t\t<img fetchpriority=\"high\" decoding=\"async\" width=\"1024\" height=\"511\" src=\"https:\/\/www.vestaconsulting.ee\/wp-content\/uploads\/2024\/09\/Sustainability-report-screenshots-1.jpg\" class=\"attachment-full size-full wp-image-11809\" alt=\"Sustainability report\" srcset=\"https:\/\/www.vestaconsulting.ee\/wp-content\/uploads\/2024\/09\/Sustainability-report-screenshots-1.jpg 1024w, https:\/\/www.vestaconsulting.ee\/wp-content\/uploads\/2024\/09\/Sustainability-report-screenshots-1-300x150.jpg 300w, https:\/\/www.vestaconsulting.ee\/wp-content\/uploads\/2024\/09\/Sustainability-report-screenshots-1-768x383.jpg 768w\" sizes=\"(max-width: 1024px) 100vw, 1024px\" \/>\t\t\t\t\t\t\t\t\t\t\t\t\t\t\t<\/div>\n\t\t\t\t<\/div>\n\t\t\t\t<div class=\"elementor-element elementor-element-cea4b60 forma-tvarumo-ataskaita elementor-button-align-stretch elementor-widget elementor-widget-form\" data-id=\"cea4b60\" data-element_type=\"widget\" data-settings=\"{&quot;step_next_label&quot;:&quot;J\\u00e4rgmine&quot;,&quot;step_previous_label&quot;:&quot;Eelmine&quot;,&quot;button_width&quot;:&quot;100&quot;,&quot;step_type&quot;:&quot;number_text&quot;,&quot;step_icon_shape&quot;:&quot;circle&quot;}\" data-widget_type=\"form.default\">\n\t\t\t\t<div class=\"elementor-widget-container\">\n\t\t\t\t\t\t\t<form class=\"elementor-form\" method=\"post\" id=\"nauja_forma_id\" name=\"Testi vorm\" aria-label=\"Testi vorm\">\n\t\t\t<input type=\"hidden\" name=\"post_id\" value=\"8677\"\/>\n\t\t\t<input type=\"hidden\" name=\"form_id\" value=\"cea4b60\"\/>\n\t\t\t<input type=\"hidden\" name=\"referer_title\" value=\"J\u00e4tkusuutlikkus - vestaconsulting.ee\" \/>\n\n\t\t\t\t\t\t\t<input type=\"hidden\" name=\"queried_id\" value=\"8677\"\/>\n\t\t\t\n\t\t\t<div class=\"elementor-form-fields-wrapper elementor-labels-\">\n\t\t\t\t\t\t\t\t<div class=\"elementor-field-type-text elementor-field-group elementor-column elementor-field-group-name_pavard elementor-col-100 elementor-field-required\">\n\t\t\t\t\t\t\t\t\t\t\t\t\t<input size=\"1\" type=\"text\" name=\"form_fields[name_pavard]\" id=\"form-field-name_pavard\" class=\"elementor-field elementor-size-md  elementor-field-textual\" placeholder=\"Nimi, perekonnanimi\" required=\"required\">\n\t\t\t\t\t\t\t\t\t\t\t<\/div>\n\t\t\t\t\t\t\t\t<div class=\"elementor-field-type-email elementor-field-group elementor-column elementor-field-group-email_company elementor-col-100 elementor-field-required\">\n\t\t\t\t\t\t\t\t\t\t\t\t\t<input size=\"1\" type=\"email\" name=\"form_fields[email_company]\" id=\"form-field-email_company\" class=\"elementor-field elementor-size-md  elementor-field-textual\" placeholder=\"Ettev\u00f5tte e-post\" required=\"required\">\n\t\t\t\t\t\t\t\t\t\t\t<\/div>\n\t\t\t\t\t\t\t\t<div class=\"elementor-field-type-acceptance elementor-field-group elementor-column elementor-field-group-field_0c311cd elementor-col-100 elementor-field-required\">\n\t\t\t\t\t\t\t<div class=\"elementor-field-subgroup\">\n\t\t\t<span class=\"elementor-field-option\">\n\t\t\t\t<input type=\"checkbox\" name=\"form_fields[field_0c311cd]\" id=\"form-field-field_0c311cd\" class=\"elementor-field elementor-size-md  elementor-acceptance-field\" required=\"required\">\n\t\t\t\t<label for=\"form-field-field_0c311cd\">N\u00f5ustun ettev\u00f5tte Vesta Consulting <a href=\"\/privaatsuspoliitikaga\/\" target=\"_blank\"> privaatsuspoliitikaga<\/a><\/label>\t\t\t<\/span>\n\t\t<\/div>\n\t\t\t\t\t\t<\/div>\n\t\t\t\t\t\t\t\t<div class=\"elementor-field-type-recaptcha_v3 elementor-field-group elementor-column elementor-field-group-field_0184e1c elementor-col-100 recaptcha_v3-bottomright\">\n\t\t\t\t\t<div class=\"elementor-field\" id=\"form-field-field_0184e1c\"><div class=\"elementor-g-recaptcha\" data-sitekey=\"6LccsPImAAAAABhezw4mKOEc2Ud_qoSNuNa5QdSD\" data-type=\"v3\" data-action=\"Form\" data-badge=\"bottomright\" data-size=\"invisible\"><\/div><\/div>\t\t\t\t<\/div>\n\t\t\t\t\t\t\t\t<div class=\"elementor-field-group elementor-column elementor-field-type-submit elementor-col-100 e-form__buttons\">\n\t\t\t\t\t<button class=\"elementor-button elementor-size-sm\" type=\"submit\">\n\t\t\t\t\t\t<span class=\"elementor-button-content-wrapper\">\n\t\t\t\t\t\t\t\t\t\t\t\t\t\t\t\t\t\t\t\t\t\t<span class=\"elementor-button-text\">Laadi all j\u00e4tkusuutlikkust k\u00e4sitlev aruanne<\/span>\n\t\t\t\t\t\t\t\t\t\t\t\t\t<\/span>\n\t\t\t\t\t<\/button>\n\t\t\t\t<\/div>\n\t\t\t<\/div>\n\t\t<\/form>\n\t\t\t\t\t\t<\/div>\n\t\t\t\t<\/div>\n\t\t\t\t<div class=\"elementor-element elementor-element-130a666 elementor-align-center donwload-sustainability-pdf elementor-hidden-desktop elementor-hidden-tablet elementor-hidden-mobile elementor-widget elementor-widget-button\" data-id=\"130a666\" data-element_type=\"widget\" data-widget_type=\"button.default\">\n\t\t\t\t<div class=\"elementor-widget-container\">\n\t\t\t\t\t\t\t\t\t<div class=\"elementor-button-wrapper\">\n\t\t\t\t\t<a class=\"elementor-button elementor-button-link elementor-size-sm\" href=\"\/wp-content\/uploads\/2023\/06\/VESTA_Sustainability_Report_v5.pdf\" target=\"_blank\">\n\t\t\t\t\t\t<span class=\"elementor-button-content-wrapper\">\n\t\t\t\t\t\t\t\t\t<span class=\"elementor-button-text\">Laadi all j\u00e4tkusuutlikkust k\u00e4sitlev aruanne<\/span>\n\t\t\t\t\t<\/span>\n\t\t\t\t\t<\/a>\n\t\t\t\t<\/div>\n\t\t\t\t\t\t\t\t<\/div>\n\t\t\t\t<\/div>\n\t\t\t\t<div class=\"elementor-element elementor-element-df280e5 elementor-widget elementor-widget-shortcode\" data-id=\"df280e5\" data-element_type=\"widget\" data-widget_type=\"shortcode.default\">\n\t\t\t\t<div class=\"elementor-widget-container\">\n\t\t\t\t\t<script type='text\/javascript'>\r\n jQuery(document).ready(function($) {\r\n   jQuery(document).on('submit_success', function(event, formID) {\r\n       $('#nauja_forma_id').html('');\r\n       var link = document.createElement('a');\r\nlink.href = 'https:\/\/www.vestaconsulting.ee\/wp-content\/uploads\/2024\/09\/VESTA_Sustainability_Report_2022-2023_final.pdf';\r\nlink.download = 'sustainability.pdf';\r\nlink.dispatchEvent(new MouseEvent('click'));\r\n   });\r\n });\r\n<\/script>\t\t<div class=\"elementor-shortcode\"><\/div>\n\t\t\t\t\t\t<\/div>\n\t\t\t\t<\/div>\n\t\t\t\t<\/div>\n\t\t\t\t\t<\/div>\n\t\t\t\t<\/div>\n\t\t\t\t<\/div>\n\t\t\t\t<\/div>\n\t\t","protected":false},"excerpt":{"rendered":"<p>Keskkonna-, sotsiaalsete ja juhtimisp\u00f5him\u00f5tete ning j\u00e4tkusuutlikkuse p\u00f5him\u00f5tete integreerimine on olulisem kui kunagi varem \u2013 alates v\u00e4\u00e4rtuse loomisest k\u00f5ikidele sidusr\u00fchmadele, t\u00f5husast riski- ja m\u00f5jujuhtimisest kuni vastutustundliku ja l\u00e4bipaistva \u00e4ritegevuseni. Keskkonna-, sotsiaalsete ja juhtimisp\u00f5him\u00f5tete ning j\u00e4tkusuutlikkuse p\u00f5him\u00f5tete integreerimine on olulisem kui kunagi varem \u2013 alates v\u00e4\u00e4rtuse loomisest k\u00f5ikidele sidusr\u00fchmadele, t\u00f5husast riski- ja m\u00f5jujuhtimisest kuni vastutustundliku ja l\u00e4bipaistva [&hellip;]<\/p>\n","protected":false},"author":1,"featured_media":0,"parent":0,"menu_order":0,"comment_status":"closed","ping_status":"closed","template":"elementor_header_footer","meta":{"_acf_changed":false,"footnotes":""},"class_list":["post-8677","page","type-page","status-publish","hentry"],"acf":[],"yoast_head":"<!-- This site is optimized with the Yoast SEO plugin v27.5 - https:\/\/yoast.com\/product\/yoast-seo-wordpress\/ -->\n<title>J\u00e4tkusuutlikkus - vestaconsulting.ee<\/title>\n<meta name=\"robots\" content=\"index, follow, max-snippet:-1, max-image-preview:large, max-video-preview:-1\" \/>\n<link rel=\"canonical\" href=\"https:\/\/www.vestaconsulting.ee\/jatkusuutlikkus\/\" \/>\n<meta property=\"og:locale\" content=\"lv_LV\" \/>\n<meta property=\"og:type\" content=\"article\" \/>\n<meta property=\"og:title\" content=\"J\u00e4tkusuutlikkus - vestaconsulting.ee\" \/>\n<meta property=\"og:description\" content=\"Keskkonna-, sotsiaalsete ja juhtimisp\u00f5him\u00f5tete ning j\u00e4tkusuutlikkuse p\u00f5him\u00f5tete integreerimine on olulisem kui kunagi varem \u2013 alates v\u00e4\u00e4rtuse loomisest k\u00f5ikidele sidusr\u00fchmadele, t\u00f5husast riski- ja m\u00f5jujuhtimisest kuni vastutustundliku ja l\u00e4bipaistva \u00e4ritegevuseni. Keskkonna-, sotsiaalsete ja juhtimisp\u00f5him\u00f5tete ning j\u00e4tkusuutlikkuse p\u00f5him\u00f5tete integreerimine on olulisem kui kunagi varem \u2013 alates v\u00e4\u00e4rtuse loomisest k\u00f5ikidele sidusr\u00fchmadele, t\u00f5husast riski- ja m\u00f5jujuhtimisest kuni vastutustundliku ja l\u00e4bipaistva [&hellip;]\" \/>\n<meta property=\"og:url\" content=\"https:\/\/www.vestaconsulting.ee\/jatkusuutlikkus\/\" \/>\n<meta property=\"og:site_name\" content=\"vestaconsulting.ee\" \/>\n<meta property=\"article:publisher\" content=\"https:\/\/www.facebook.com\/vestaconsulting\" \/>\n<meta property=\"article:modified_time\" content=\"2024-09-13T06:50:19+00:00\" \/>\n<meta property=\"og:image\" content=\"https:\/\/www.vestaconsulting.ee\/wp-content\/uploads\/2023\/06\/Vesta-komanda-final-05-26_7.png\" \/>\n<meta name=\"twitter:card\" content=\"summary_large_image\" \/>\n<meta name=\"twitter:label1\" content=\"Est. reading time\" \/>\n\t<meta name=\"twitter:data1\" content=\"2 minutes\" \/>\n<script type=\"application\/ld+json\" class=\"yoast-schema-graph\">{\"@context\":\"https:\\\/\\\/schema.org\",\"@graph\":[{\"@type\":\"WebPage\",\"@id\":\"https:\\\/\\\/www.vestaconsulting.ee\\\/jatkusuutlikkus\\\/\",\"url\":\"https:\\\/\\\/www.vestaconsulting.ee\\\/jatkusuutlikkus\\\/\",\"name\":\"J\u00e4tkusuutlikkus - vestaconsulting.ee\",\"isPartOf\":{\"@id\":\"https:\\\/\\\/www.vestaconsulting.ee\\\/#website\"},\"primaryImageOfPage\":{\"@id\":\"https:\\\/\\\/www.vestaconsulting.ee\\\/jatkusuutlikkus\\\/#primaryimage\"},\"image\":{\"@id\":\"https:\\\/\\\/www.vestaconsulting.ee\\\/jatkusuutlikkus\\\/#primaryimage\"},\"thumbnailUrl\":\"https:\\\/\\\/www.vestaconsulting.ee\\\/wp-content\\\/uploads\\\/2023\\\/06\\\/Vesta-komanda-final-05-26_7.png\",\"datePublished\":\"2023-11-28T11:15:46+00:00\",\"dateModified\":\"2024-09-13T06:50:19+00:00\",\"breadcrumb\":{\"@id\":\"https:\\\/\\\/www.vestaconsulting.ee\\\/jatkusuutlikkus\\\/#breadcrumb\"},\"inLanguage\":\"lv-LV\",\"potentialAction\":[{\"@type\":\"ReadAction\",\"target\":[\"https:\\\/\\\/www.vestaconsulting.ee\\\/jatkusuutlikkus\\\/\"]}]},{\"@type\":\"ImageObject\",\"inLanguage\":\"lv-LV\",\"@id\":\"https:\\\/\\\/www.vestaconsulting.ee\\\/jatkusuutlikkus\\\/#primaryimage\",\"url\":\"https:\\\/\\\/www.vestaconsulting.ee\\\/wp-content\\\/uploads\\\/2023\\\/06\\\/Vesta-komanda-final-05-26_7.png\",\"contentUrl\":\"https:\\\/\\\/www.vestaconsulting.ee\\\/wp-content\\\/uploads\\\/2023\\\/06\\\/Vesta-komanda-final-05-26_7.png\"},{\"@type\":\"BreadcrumbList\",\"@id\":\"https:\\\/\\\/www.vestaconsulting.ee\\\/jatkusuutlikkus\\\/#breadcrumb\",\"itemListElement\":[{\"@type\":\"ListItem\",\"position\":1,\"name\":\"Home\",\"item\":\"https:\\\/\\\/www.vestaconsulting.ee\\\/\"},{\"@type\":\"ListItem\",\"position\":2,\"name\":\"J\u00e4tkusuutlikkus\"}]},{\"@type\":\"WebSite\",\"@id\":\"https:\\\/\\\/www.vestaconsulting.ee\\\/#website\",\"url\":\"https:\\\/\\\/www.vestaconsulting.ee\\\/\",\"name\":\"vestaconsulting.ee\",\"description\":\"We turn your focus to the future\",\"publisher\":{\"@id\":\"https:\\\/\\\/www.vestaconsulting.ee\\\/#organization\"},\"potentialAction\":[{\"@type\":\"SearchAction\",\"target\":{\"@type\":\"EntryPoint\",\"urlTemplate\":\"https:\\\/\\\/www.vestaconsulting.ee\\\/?s={search_term_string}\"},\"query-input\":{\"@type\":\"PropertyValueSpecification\",\"valueRequired\":true,\"valueName\":\"search_term_string\"}}],\"inLanguage\":\"lv-LV\"},{\"@type\":\"Organization\",\"@id\":\"https:\\\/\\\/www.vestaconsulting.ee\\\/#organization\",\"name\":\"UAB Vesta Consulting\",\"url\":\"https:\\\/\\\/www.vestaconsulting.ee\\\/\",\"logo\":{\"@type\":\"ImageObject\",\"inLanguage\":\"lv-LV\",\"@id\":\"https:\\\/\\\/www.vestaconsulting.ee\\\/#\\\/schema\\\/logo\\\/image\\\/\",\"url\":\"https:\\\/\\\/www.vestaconsulting.ee\\\/wp-content\\\/uploads\\\/2023\\\/06\\\/VESTA_logo_main-1.png\",\"contentUrl\":\"https:\\\/\\\/www.vestaconsulting.ee\\\/wp-content\\\/uploads\\\/2023\\\/06\\\/VESTA_logo_main-1.png\",\"width\":1353,\"height\":360,\"caption\":\"UAB Vesta Consulting\"},\"image\":{\"@id\":\"https:\\\/\\\/www.vestaconsulting.ee\\\/#\\\/schema\\\/logo\\\/image\\\/\"},\"sameAs\":[\"https:\\\/\\\/www.facebook.com\\\/vestaconsulting\"]}]}<\/script>\n<!-- \/ Yoast SEO plugin. -->","yoast_head_json":{"title":"J\u00e4tkusuutlikkus - vestaconsulting.ee","robots":{"index":"index","follow":"follow","max-snippet":"max-snippet:-1","max-image-preview":"max-image-preview:large","max-video-preview":"max-video-preview:-1"},"canonical":"https:\/\/www.vestaconsulting.ee\/jatkusuutlikkus\/","og_locale":"lv_LV","og_type":"article","og_title":"J\u00e4tkusuutlikkus - vestaconsulting.ee","og_description":"Keskkonna-, sotsiaalsete ja juhtimisp\u00f5him\u00f5tete ning j\u00e4tkusuutlikkuse p\u00f5him\u00f5tete integreerimine on olulisem kui kunagi varem \u2013 alates v\u00e4\u00e4rtuse loomisest k\u00f5ikidele sidusr\u00fchmadele, t\u00f5husast riski- ja m\u00f5jujuhtimisest kuni vastutustundliku ja l\u00e4bipaistva \u00e4ritegevuseni. Keskkonna-, sotsiaalsete ja juhtimisp\u00f5him\u00f5tete ning j\u00e4tkusuutlikkuse p\u00f5him\u00f5tete integreerimine on olulisem kui kunagi varem \u2013 alates v\u00e4\u00e4rtuse loomisest k\u00f5ikidele sidusr\u00fchmadele, t\u00f5husast riski- ja m\u00f5jujuhtimisest kuni vastutustundliku ja l\u00e4bipaistva [&hellip;]","og_url":"https:\/\/www.vestaconsulting.ee\/jatkusuutlikkus\/","og_site_name":"vestaconsulting.ee","article_publisher":"https:\/\/www.facebook.com\/vestaconsulting","article_modified_time":"2024-09-13T06:50:19+00:00","og_image":[{"url":"https:\/\/www.vestaconsulting.ee\/wp-content\/uploads\/2023\/06\/Vesta-komanda-final-05-26_7.png","type":"","width":"","height":""}],"twitter_card":"summary_large_image","twitter_misc":{"Est. reading time":"2 minutes"},"schema":{"@context":"https:\/\/schema.org","@graph":[{"@type":"WebPage","@id":"https:\/\/www.vestaconsulting.ee\/jatkusuutlikkus\/","url":"https:\/\/www.vestaconsulting.ee\/jatkusuutlikkus\/","name":"J\u00e4tkusuutlikkus - vestaconsulting.ee","isPartOf":{"@id":"https:\/\/www.vestaconsulting.ee\/#website"},"primaryImageOfPage":{"@id":"https:\/\/www.vestaconsulting.ee\/jatkusuutlikkus\/#primaryimage"},"image":{"@id":"https:\/\/www.vestaconsulting.ee\/jatkusuutlikkus\/#primaryimage"},"thumbnailUrl":"https:\/\/www.vestaconsulting.ee\/wp-content\/uploads\/2023\/06\/Vesta-komanda-final-05-26_7.png","datePublished":"2023-11-28T11:15:46+00:00","dateModified":"2024-09-13T06:50:19+00:00","breadcrumb":{"@id":"https:\/\/www.vestaconsulting.ee\/jatkusuutlikkus\/#breadcrumb"},"inLanguage":"lv-LV","potentialAction":[{"@type":"ReadAction","target":["https:\/\/www.vestaconsulting.ee\/jatkusuutlikkus\/"]}]},{"@type":"ImageObject","inLanguage":"lv-LV","@id":"https:\/\/www.vestaconsulting.ee\/jatkusuutlikkus\/#primaryimage","url":"https:\/\/www.vestaconsulting.ee\/wp-content\/uploads\/2023\/06\/Vesta-komanda-final-05-26_7.png","contentUrl":"https:\/\/www.vestaconsulting.ee\/wp-content\/uploads\/2023\/06\/Vesta-komanda-final-05-26_7.png"},{"@type":"BreadcrumbList","@id":"https:\/\/www.vestaconsulting.ee\/jatkusuutlikkus\/#breadcrumb","itemListElement":[{"@type":"ListItem","position":1,"name":"Home","item":"https:\/\/www.vestaconsulting.ee\/"},{"@type":"ListItem","position":2,"name":"J\u00e4tkusuutlikkus"}]},{"@type":"WebSite","@id":"https:\/\/www.vestaconsulting.ee\/#website","url":"https:\/\/www.vestaconsulting.ee\/","name":"vestaconsulting.ee","description":"We turn your focus to the future","publisher":{"@id":"https:\/\/www.vestaconsulting.ee\/#organization"},"potentialAction":[{"@type":"SearchAction","target":{"@type":"EntryPoint","urlTemplate":"https:\/\/www.vestaconsulting.ee\/?s={search_term_string}"},"query-input":{"@type":"PropertyValueSpecification","valueRequired":true,"valueName":"search_term_string"}}],"inLanguage":"lv-LV"},{"@type":"Organization","@id":"https:\/\/www.vestaconsulting.ee\/#organization","name":"UAB Vesta Consulting","url":"https:\/\/www.vestaconsulting.ee\/","logo":{"@type":"ImageObject","inLanguage":"lv-LV","@id":"https:\/\/www.vestaconsulting.ee\/#\/schema\/logo\/image\/","url":"https:\/\/www.vestaconsulting.ee\/wp-content\/uploads\/2023\/06\/VESTA_logo_main-1.png","contentUrl":"https:\/\/www.vestaconsulting.ee\/wp-content\/uploads\/2023\/06\/VESTA_logo_main-1.png","width":1353,"height":360,"caption":"UAB Vesta Consulting"},"image":{"@id":"https:\/\/www.vestaconsulting.ee\/#\/schema\/logo\/image\/"},"sameAs":["https:\/\/www.facebook.com\/vestaconsulting"]}]}},"_links":{"self":[{"href":"https:\/\/www.vestaconsulting.ee\/lv\/wp-json\/wp\/v2\/pages\/8677","targetHints":{"allow":["GET"]}}],"collection":[{"href":"https:\/\/www.vestaconsulting.ee\/lv\/wp-json\/wp\/v2\/pages"}],"about":[{"href":"https:\/\/www.vestaconsulting.ee\/lv\/wp-json\/wp\/v2\/types\/page"}],"author":[{"embeddable":true,"href":"https:\/\/www.vestaconsulting.ee\/lv\/wp-json\/wp\/v2\/users\/1"}],"replies":[{"embeddable":true,"href":"https:\/\/www.vestaconsulting.ee\/lv\/wp-json\/wp\/v2\/comments?post=8677"}],"version-history":[{"count":14,"href":"https:\/\/www.vestaconsulting.ee\/lv\/wp-json\/wp\/v2\/pages\/8677\/revisions"}],"predecessor-version":[{"id":11815,"href":"https:\/\/www.vestaconsulting.ee\/lv\/wp-json\/wp\/v2\/pages\/8677\/revisions\/11815"}],"wp:attachment":[{"href":"https:\/\/www.vestaconsulting.ee\/lv\/wp-json\/wp\/v2\/media?parent=8677"}],"curies":[{"name":"wp","href":"https:\/\/api.w.org\/{rel}","templated":true}]}}